{"id":876,"date":"2022-12-04T15:20:28","date_gmt":"2022-12-04T12:20:28","guid":{"rendered":"https:\/\/arttmodernmiami.com\/?page_id=876"},"modified":"2026-01-19T14:02:54","modified_gmt":"2026-01-19T11:02:54","slug":"who-we-are","status":"publish","type":"page","link":"https:\/\/arttmodernmiami.com\/tr\/who-we-are\/","title":{"rendered":"K\u00fcnye"},"content":{"rendered":"\n<p><\/p>\n\n\n\n<p><\/p>\n\n\n\n<p class=\"has-text-align-center\"><strong><span style=\"text-decoration: underline;\">Genel M\u00fcd\u00fcr<br><\/span>Tu\u011fba YAZICI<\/strong><br>Sanat\u00e7\u0131<br>Miami \/ ABD<br><br><br><span style=\"text-decoration: underline;\"><strong>Edit\u00f6r<\/strong><\/span><br><\/p>\n\n\n\n<p class=\"has-text-align-center\"><strong>Aylin G\u00fcrb\u00fcz G\u00dcLEN\u00c7<\/strong><br>Filolog, Yazar, Terc\u00fcman<br>\u0130stanbul \u00dcniversitesi,<br>Edebiyat Fak\u00fcltesi,<br>\u0130ngiliz Dili ve Edebiyat\u0131 B\u00f6l\u00fcm\u00fc<br>Cambridge \u00dcniversitesi,<br>TKT 1,2,3<br>AZERBEYCAN<\/p>\n\n\n\n<p class=\"has-text-align-center\"><br><br><br><span style=\"text-decoration: underline;\"><strong>Sanat Yazarlar\u0131<br><\/strong><\/span><strong>Murat Mete A\u011eYAR<\/strong><br>\u00d6\u011fretim \u00dcyesi<br>Mimar Sinan G\u00fczel Sanatlar \u00dcniversitesi Resim B\u00f6l\u00fcm\u00fc, \u0130stanbul \/T\u00dcRK\u0130YE<\/p>\n\n\n\n<p class=\"has-text-align-center\"> <strong> Melda SHERMAN<\/strong><br>     Yazar \/G\u00f6\u00e7men Ku\u015flar<br> Boston, ABD<\/p>\n\n\n\n<p class=\"has-text-align-center\"><br><strong>Funda KARAYEL<\/strong><br>Gazeteci<br>New York \/ ABD<br><br><strong>Nafiye BOZKURT<\/strong><br>Yazar<br>\u0130stanbul \/ T\u00dcRK\u0130YE<\/p>\n\n\n\n<p><\/p>\n\n\n\n<p class=\"has-text-align-center\"><strong>Beril YABAR<\/strong><br>\u015eair \/ FLOR\u0130DA<\/p>\n\n\n\n<p class=\"has-text-align-center\"><br><br><br><span style=\"text-decoration: underline;\"><strong>Sinema ve K\u00fclt\u00fcr Yazarlar\u0131<br><\/strong><\/span><strong>Zeynep ALKAN<\/strong><br>Oyuncu, Performans Sanat\u00e7\u0131s\u0131<br>Amsterdam \/ HOLLANDA<br><br><strong>Livia Oya PROTO<\/strong><br>Film yap\u0131mc\u0131s\u0131, Y\u00f6netmen<br>Roma\/ \u0130talya<br><br><strong><u>\u00c7a\u011fda\u015f Mimari<\/u><\/strong><br><\/p>\n\n\n\n<p class=\"has-text-align-center\"><strong>Simin PAKAKAR<\/strong><br>Mimar<br>Domus Academy, Milano \/\u0130TALYA<br>Kanopi Mimarl\u0131k, \u0130stanbul\/T\u00dcRK\u0130YE<\/p>\n\n\n\n<p>   <\/p>\n\n\n\n<p class=\"has-text-align-center\"><strong>K\u00fclt\u00fcr &amp;Tasar\u0131m&amp;Ya\u015fam Stili<\/strong><br><strong>Kamil \u00c7ak\u0131r, <\/strong><\/p>\n\n\n\n<p class=\"has-text-align-center\">Tasar\u0131mc\u0131 ,<\/p>\n\n\n\n<p class=\"has-text-align-center\"> \u0130zmir\/T\u00fcrkiye<\/p>\n\n\n\n<p class=\"has-text-align-center\"><br><span style=\"text-decoration: underline;\"><strong>Sa\u011fl\u0131k Yazar\u0131<br><\/strong><\/span><strong>Prof.Dr.H\u00fclya Ko\u00e7ak Berbero\u011flu,<\/strong><br>A\u011f\u0131z ve \u00c7ene Cerrah\u0131<br>\u0130stanbul \u00dcniversitesi Di\u015f Hekimli\u011fi Fak\u00fcltesi A\u011f\u0131z Di\u015f \u00c7ene Cerrahisi Anabilim Dal\u0131<br>\u0130stanbul \/ T\u00dcRK\u0130YE<\/p>\n\n\n\n<p class=\"has-text-align-center\"><strong>Uzm. Diyetisyen Esra Toktay<\/strong>,<br>Hacettepe \u00dcniversitesi, Fonksiyonel T\u0131p Dietisyeni<br>Florida, ABD<\/p>\n\n\n\n<p class=\"has-text-align-center\"><strong>Dr. I\u015f\u0131l Akg\u00fcn DEM\u0130R<\/strong>&nbsp;<\/p>\n\n\n\n<p class=\"has-text-align-center\">Plastik Cerrah<\/p>\n\n\n\n<p class=\"has-text-align-center\">\u0130stanbul, T\u00dcRK\u0130YE<\/p>\n\n\n\n<p class=\"has-text-align-center\"><strong><u>Sosyolaji<\/u><\/strong><br><\/p>\n\n\n\n<p class=\"has-text-align-center\"><strong>\u00d6zlem TUNA<\/strong><br>Sosyolog \/ NLP Uzman\u0131<br>Mimar Sinan \u00dcniversitesi,\u0130stanbul<br>Bodrum\/ TURKIYE<\/p>\n\n\n\n<p class=\"has-text-align-center\"><strong><u>Psikoloji<\/u><\/strong><\/p>\n\n\n\n<p class=\"has-text-align-center\"><strong>Modern CADI<\/strong><br>Psikoloji<br>GOTHAM<\/p>\n\n\n\n<p class=\"has-text-align-center\"><strong>Aysen DARCAN<\/strong><\/p>\n\n\n\n<p class=\"has-text-align-center\">Psikoloji<\/p>\n\n\n\n<p class=\"has-text-align-center\">New York<\/p>\n\n\n\n<p class=\"has-text-align-center\"><strong>Selina DEMIR<\/strong><\/p>\n\n\n\n<p class=\"has-text-align-center\">Psikoloji<\/p>\n\n\n\n<p class=\"has-text-align-center\">V\u0130YANA<\/p>\n\n\n\n<p><\/p>\n\n\n\n<p class=\"has-text-align-center\"><br><span style=\"text-decoration: underline;\"><strong>Yoga&amp; Meditasyon Yazar\u0131<br><\/strong><\/span><strong>Melis GENCE<\/strong><br>Reiki Usta \u00d6\u011fretmeni<br>Paris Sorbonne \u00dcniversitesi, Sanat Tarihi<br>\u0130stanbul \/ T\u00dcRK\u0130YE<\/p>\n\n\n\n<p class=\"has-text-align-center\"><strong>Astroloji<\/strong><br><strong>O\u011fuzhan Aslankurt<\/strong><\/p>\n\n\n\n<p class=\"has-text-align-center\">Astrolog<\/p>\n\n\n\n<p class=\"has-text-align-center\">Ku\u015fadas\u0131 \/ Ayd\u0131n<\/p>\n\n\n\n<p class=\"has-text-align-center\"><strong>Ayten Salami<\/strong>, <\/p>\n\n\n\n<p class=\"has-text-align-center\">Astrolog, <\/p>\n\n\n\n<p class=\"has-text-align-center\">Bak\u00fc\/ Azerbeycan<br><\/p>\n\n\n\n<p class=\"has-text-align-center\"><strong>Aras \u015een <\/strong>,<\/p>\n\n\n\n<p class=\"has-text-align-center\">Astrolog, <\/p>\n\n\n\n<p class=\"has-text-align-center\">\u0130zmir\/ T\u00fcrkiye<\/p>\n\n\n\n<p><br>                                                                           <br>                                                                  <\/p>\n\n\n\n<p class=\"has-text-align-center\"><span style=\"text-decoration: underline;\"><strong>Regresyon ve Duygusal D\u00f6n\u00fc\u015f\u00fcm Teknikleri Yazar\u0131<br><\/strong><\/span><strong>Gamze Da\u011fta\u015fo\u011flu G\u00dcLM\u00dc\u015e<\/strong><br>Georgia \/ USA<br><br><br><span style=\"text-decoration: underline;\"><strong>Gastronomi Yazar\u0131<br><\/strong><\/span><strong>Alican SAYGI<\/strong><br>\u015eef<br>Paul Bocuse Lyon Enstit\u00fcs\u00fc \/ FRANSA<br><br><br><span style=\"text-decoration: underline;\"><strong>Seyahat ve Moda Yazar\u0131<br><\/strong><\/span><strong>Tu\u011fba YAZICI<\/strong><br>Sanat\u00e7\u0131 &amp; Tasar\u0131mc\u0131<br>Miami \/ ABD<br><br><strong>Merve BAYINDIR<\/strong><br>\u015eapka Tasar\u0131mc\u0131s\u0131<br>Londra\/ INGILTERE<\/p>\n\n\n\n<p class=\"has-text-align-center\"><strong>Sara BOZDEM\u0130R<\/strong><\/p>\n\n\n\n<p class=\"has-text-align-center\">Orthodontist \/Gezgin<\/p>\n\n\n\n<p class=\"has-text-align-center\">Boston \/ ABD<\/p>\n\n\n\n<p class=\"has-text-align-center\"><strong>Banu DEM\u0130R<\/strong><br>Blue Route Dergisinin kurucusu ve Edit\u00f6r\u00fc<br>\u0130stanbul-Bodrum-G\u00f6cek \/ T\u00dcRK\u0130YE<\/p>\n\n\n\n<p class=\"has-text-align-center\"><br><br>&#8212;&#8212;&#8212;-<br><\/p>\n\n\n\n<p class=\"has-text-align-center\"><strong>ARTTMODERNMIAMI GAZETES\u0130<br><\/strong><\/p>\n\n\n\n<p class=\"has-text-align-center\">Sanat g\u00fczelle\u015ftirir,<br>Sanat birle\u015ftirir,<br>Sanat iyile\u015ftirir,<br>Sanat mesafeleri kald\u0131r\u0131r,<br>Sanat umuttur, k\u00fclt\u00fcrd\u00fcr, dildir\u2026<br>D\u00fcnyan\u0131n farkl\u0131 \u00fclkelerinden bir\u00e7ok yetkin ve harika \u00f6zellik ve beceriye sahip de\u011ferli arkada\u015flar\u0131m\u0131z ile bir organizasyon ba\u015flatt\u0131k. Sanal bir galeri olarak faaliyet g\u00f6steren \u201cArtTModern Miami Gallery\u201d art\u0131k s\u00f6z sahibi. Dijital gazetemiz \u00e7\u0131kt\u0131!<br>Sanat, Sinema, Sa\u011fl\u0131k, Yoga, Seyahat, Regresyon Terapisi, \u00c7agda\u015f Mimari, Sosyoloji, Seyahat, Moda ve Gastronomi alanlar\u0131ndaki harika yazarlar\u0131m\u0131z, kendi alanlar\u0131nda ve ya\u015fad\u0131klar\u0131 \u00fclkelerden harika hikayeler payla\u015facaklar.<\/p>\n\n\n\n<p class=\"has-text-align-center\">Bu olu\u015fumdan g\u00fczel seslerin \u00e7\u0131kaca\u011f\u0131n\u0131 bildi\u011fimiz i\u00e7in \u00e7ok mutlu, umutlu ve gururluyuz. Gelecekte ekibimize yeni yazarlar\u0131n kat\u0131laca\u011f\u0131n\u0131 ve d\u00fcnyan\u0131n bir\u00e7ok yerine ula\u015faca\u011f\u0131m\u0131z\u0131 biliyoruz. Bu d\u00fcnya i\u00e7in g\u00fczel ve sa\u011fl\u0131kl\u0131 bir ses olmay\u0131 hedefliyoruz. Sesimizin g\u00fcr \u00e7\u0131kmas\u0131 i\u00e7in mottomuz;<\/p>\n\n\n\n<p class=\"has-text-align-center\">\u201cSanat\u0131n, K\u00fclt\u00fcr\u00fcn ve Ya\u015fam\u0131n \u00c7a\u011fda\u015f Sesi\u201d<br>ARTTMODERNMIAMI GAZETE<\/p>\n","protected":false},"excerpt":{"rendered":"<p>Genel M\u00fcd\u00fcrTu\u011fba YAZICISanat\u00e7\u0131Miami \/ ABD Edit\u00f6r Aylin G\u00fcrb\u00fcz G\u00dcLEN\u00c7Filolog, Yazar, Terc\u00fcman\u0130stanbul \u00dcniversitesi,Edebiyat Fak\u00fcltesi,\u0130ngiliz Dili ve Edebiyat\u0131 B\u00f6l\u00fcm\u00fcCambridge \u00dcniversitesi,TKT 1,2,3AZERBEYCAN Sanat Yazarlar\u0131Murat Mete A\u011eYAR\u00d6\u011fretim \u00dcyesiMimar Sinan G\u00fczel Sanatlar \u00dcniversitesi Resim B\u00f6l\u00fcm\u00fc, \u0130stanbul \/T\u00dcRK\u0130YE Melda SHERMAN Yazar \/G\u00f6\u00e7men Ku\u015flar Boston, ABD Funda KARAYELGazeteciNew York \/ ABD Nafiye BOZKURTYazar\u0130stanbul \/ T\u00dcRK\u0130YE Beril YABAR\u015eair \/ FLOR\u0130DA Sinema ve K\u00fclt\u00fcr [&hellip;]<\/p>\n","protected":false},"author":1,"featured_media":0,"parent":0,"menu_order":0,"comment_status":"closed","ping_status":"open","template":"","meta":[],"translation":{"provider":"WPGlobus","version":"3.0.0","language":"tr","enabled_languages":["en","tr"],"languages":{"en":{"title":true,"content":true,"excerpt":false},"tr":{"title":true,"content":true,"excerpt":false}}},"_links":{"self":[{"href":"https:\/\/arttmodernmiami.com\/tr\/wp-json\/wp\/v2\/pages\/876"}],"collection":[{"href":"https:\/\/arttmodernmiami.com\/tr\/wp-json\/wp\/v2\/pages"}],"about":[{"href":"https:\/\/arttmodernmiami.com\/tr\/wp-json\/wp\/v2\/types\/page"}],"author":[{"embeddable":true,"href":"https:\/\/arttmodernmiami.com\/tr\/wp-json\/wp\/v2\/users\/1"}],"replies":[{"embeddable":true,"href":"https:\/\/arttmodernmiami.com\/tr\/wp-json\/wp\/v2\/comments?post=876"}],"version-history":[{"count":60,"href":"https:\/\/arttmodernmiami.com\/tr\/wp-json\/wp\/v2\/pages\/876\/revisions"}],"predecessor-version":[{"id":7020,"href":"https:\/\/arttmodernmiami.com\/tr\/wp-json\/wp\/v2\/pages\/876\/revisions\/7020"}],"wp:attachment":[{"href":"https:\/\/arttmodernmiami.com\/tr\/wp-json\/wp\/v2\/media?parent=876"}],"curies":[{"name":"wp","href":"https:\/\/api.w.org\/{rel}","templated":true}]}}