{"id":38,"date":"2022-10-23T22:19:22","date_gmt":"2022-10-23T19:19:22","guid":{"rendered":"http:\/\/tdi_11_a93"},"modified":"2022-11-20T19:00:41","modified_gmt":"2022-11-20T16:00:41","slug":"login-register","status":"publish","type":"page","link":"https:\/\/arttmodernmiami.com\/tr\/login-register\/","title":{"rendered":"Login\/Register"},"content":{"rendered":"<div id=\"tdi_1\" class=\"tdc-zone\"><div class=\"tdc_zone tdi_2  wpb_row td-pb-row\"  >\n<style scoped>\n\/* custom css - generated by TagDiv Composer *\/\n\n\/* custom css - generated by TagDiv Composer *\/\n.tdi_2{\r\n                    min-height: 0;\r\n                }\n<\/style><div id=\"tdi_3\" class=\"tdc-row stretch_row_1400 td-stretch-content\"><div class=\"vc_row tdi_4  wpb_row td-pb-row tdc-element-style\" >\n<style scoped>\n\/* custom css - generated by TagDiv Composer *\/\n\n\/* custom css - generated by TagDiv Composer *\/\n.tdi_4,\r\n                .tdi_4 .tdc-columns{\r\n                    min-height: 0;\r\n                }.tdi_4,\r\n\t\t\t\t.tdi_4 .tdc-columns{\r\n\t\t\t\t    display: flex;\r\n\t\t\t\t\r\n\t\t\t\t    flex-direction: row;\r\n\t\t\t\t\r\n\t\t\t\t    flex-wrap: nowrap;\r\n\t\t\t\t\r\n\t\t\t\t    justify-content: center;\r\n\t\t\t\t\r\n\t\t\t\t    align-items: center;\r\n\t\t\t\t}.tdi_4 .tdc-columns{\r\n\t\t\t\t    width: 100%;\r\n\t\t\t\t}.tdi_4:before,\r\n\t\t\t\t.tdi_4:after{\r\n\t\t\t\t    display: none;\r\n\t\t\t\t}\n\/* inline tdc_css att - generated by TagDiv Composer *\/\n\n.tdi_4{\npadding-top:120px !important;\npadding-bottom:120px !important;\nposition:relative;\n}\n\n.tdi_4 .td_block_wrap{ text-align:left }\n\n<\/style>\n<div class=\"tdi_3_rand_style td-element-style\" ><div class=\"td-element-style-before\"><style>\n\/* custom css - generated by TagDiv Composer *\/\n\n.tdi_3_rand_style > .td-element-style-before {\ncontent:'' !important;\nwidth:100% !important;\nheight:100% !important;\nposition:absolute !important;\ntop:0 !important;\nleft:0 !important;\ndisplay:block !important;\nz-index:0 !important;\nborder-color:var(--amsonia-gray) !important;\nborder-style:solid !important;\nborder-width: 0px 0px 1px 0px !important;\nbackground-size:cover !important;\nbackground-position:center top !important;\n}\n<\/style><\/div><style>\n\/* custom css - generated by TagDiv Composer *\/\n\n.tdi_3_rand_style{\nbackground-color:var(--accent-color) !important;\n}\n <\/style><\/div><div class=\"vc_column tdi_6  wpb_column vc_column_container tdc-column td-pb-span12\">\n<style scoped>\n\/* custom css - generated by TagDiv Composer *\/\n\n\/* custom css - generated by TagDiv Composer *\/\n.tdi_6{\r\n                    vertical-align: baseline;\r\n                }.tdi_6 > .wpb_wrapper,\r\n\t\t\t\t.tdi_6 > .wpb_wrapper > .tdc-elements{\r\n\t\t\t\t    display: block;\r\n\t\t\t\t}.tdi_6 > .wpb_wrapper > .tdc-elements{\r\n\t\t\t\t    width: 100%;\r\n\t\t\t\t}.tdi_6 > .wpb_wrapper > .vc_row_inner{\r\n\t\t\t\t    width: auto;\r\n\t\t\t\t}.tdi_6 > .wpb_wrapper{\r\n\t\t\t\t    width: auto;\r\n\t\t\t\t    height: auto;\r\n\t\t\t\t}div.tdi_6{\r\n\t\t\t\t    width: 50% !important;\r\n\t\t\t\t}\n\n\/* landscape *\/\n@media (min-width: 1019px) and (max-width: 1140px){\ndiv.tdi_6{\r\n\t\t\t\t    width: 60% !important;\r\n\t\t\t\t}\n}\n\n\/* portrait *\/\n@media (min-width: 768px) and (max-width: 1018px){\ndiv.tdi_6{\r\n\t\t\t\t    width: 80% !important;\r\n\t\t\t\t}\n}\n\n\/* phone *\/\n@media (max-width: 767px){\ndiv.tdi_6{\r\n\t\t\t\t    width: 100% !important;\r\n\t\t\t\t}\n}\n<\/style><div class=\"wpb_wrapper\" ><div class=\"tds-page-block td_block_wrap tds_create_account tdi_7  td_block_template_1\"  data-td-block-uid=\"tdi_7\" >\n<style>\n\n\/* inline tdc_css att - generated by TagDiv Composer *\/\n\n.tdi_7{\nmargin-bottom:37px !important;\n}\n\n\/* phone *\/\n@media (max-width: 767px)\n{\n.tdi_7{\nmargin-bottom:60px !important;\n}\n}\n\n<\/style>\n<style>\n\/* custom css - generated by TagDiv Composer *\/\n.tds-page-block{\r\n                    transform: translateZ(0);\r\n                    font-family: -apple-system,BlinkMacSystemFont,\"Segoe UI\",Roboto,Oxygen-Sans,Ubuntu,Cantarell,\"Helvetica Neue\",sans-serif;\r\n                    font-size: 14px;\r\n                }.tds-page-block .td-element-style{\r\n                    z-index: -1;\r\n                }.tds-page-block a:not(.tds-s-btn){\r\n                    color: #0489FC;\r\n                }.tds-page-block a:not(.tds-s-btn):hover{\r\n                    color: #152BF7;\r\n                }.tds_create_account .tds-s-fb-open .tds-s-fc-inner,\r\n                .tds_create_account .tds-s-fb-open .tds-s-form-footer,\r\n                .tds_create_account .tds-s-fb-open .tds-s-cal-page-switch{\r\n                    opacity: .5;\r\n                    pointer-events: none; \r\n                }.tds_create_account .tds-s-cal-page-switch{\r\n                    margin-top: 20px;\r\n                    font-size: .929em;\r\n                    line-height: 1.3;\r\n                    text-align: center;\r\n                    color: #666;                  \r\n                }.tds_create_account .tds-s-cal-page-switch a{\r\n                    font-weight: 600;\r\n                }body .tds_create_account .tds-s-form .tds-s-fc-inner{\r\n                    margin-bottom: 0;\r\n                }body .tds_create_account .tds-s-form .tds-s-fc-inner:after{\r\n                    display: none;\r\n                }.tds_create_account .tds-s-form-login .tds-s-notif,\r\n                .tds_create_account .tds-s-register-form .tds-s-notif,\r\n                .tds_create_account .tds-s-form-pass-recovery .tds-s-notif,\r\n                .tds_create_account .tds-s-form-login .tds-s-notif-descr,\r\n                .tds_create_account .tds-s-register-form .tds-s-notif-descr,\r\n                .tds_create_account .tds-s-form-pass-recovery .tds-s-notif-descr{\r\n                    text-align: center;\r\n                }.tds_create_account .tds-s-form-login .tds-s-notif-info:not(:last-child),\r\n                .tds_create_account .tds-s-register-form .tds-s-notif-info:not(:last-child),\r\n                .tds_create_account .tds-s-form-pass-recovery .tds-s-notif-info:not(:last-child){\r\n                    margin-bottom: 32px;\r\n                }.tds_create_account .tds-s-form-login .tds-s-notif-error:not(:first-child),\r\n                .tds_create_account .tds-s-register-form .tds-s-notif-error:not(:first-child),\r\n                .tds_create_account .tds-s-form-pass-recovery .tds-s-notif-error:not(:first-child),\r\n                .tds_create_account .tds-s-form-login .tds-s-notif-success:not(:first-child),\r\n                .tds_create_account .tds-s-register-form .tds-s-notif-success:not(:first-child),\r\n                .tds_create_account .tds-s-form-pass-recovery .tds-s-notif-success:not(:first-child){\r\n                    margin-top: 28px;\r\n                }.tds_create_account .tds-s-form-login .tds-s-btn,\r\n                .tds_create_account .tds-s-register-form .tds-s-btn,\r\n                .tds_create_account .tds-s-form-pass-recovery .tds-s-btn{\r\n                    width: 100%;\r\n                }.tds_create_account .tds-s-form-login{\r\n                    margin-bottom: 0;\r\n                    padding-bottom: 0;\r\n                    border: 0;\r\n                }.tds_create_account .tds-s-form-login .tds-s-form-group:nth-child(2) .tds-s-form-label{\r\n                    display: flex;\r\n                }.tds_create_account .tds-s-form-login .tds-s-form-group:nth-child(2) .tds-s-form-label a{\r\n                    margin-left: auto;\r\n                }.tds_create_account .tds-s-form-footer{\r\n                    flex-direction: column;\r\n                }.tds_create_account .tds-s-form .tds-s-form-footer .tds-s-btn{\r\n                    margin-right: 0;\r\n                }.tds_create_account .tds-s-form-footer .td-login-social{\r\n                    width: 100%;\r\n                    margin-top: 14px;\r\n                }body .tdi_7 .tds-s-form .tds-s-form-input{\r\n                    border: 0px solid var(--amsonia-dark-blue);\r\n                \r\n                    border-radius: 3px;\r\n                \r\n                    color: var(--amsonia-dark);\r\n                \r\n                    background-color: var(--amsonia-off-white);\r\n                }body .tdi_7 .tds-s-btn{\r\n                    border-radius: 3px;\r\n                \r\n                    background-color: var(--amsonia-accent-color);\r\n                \r\n                    color: var(--amsonia-off-white);\r\n                }body .tdi_7.tds-page-block a:not(.tds-s-btn){\r\n                    color: var(--amsonia-accent-color);\r\n                }body .tdi_7 .tds-s-form .tds-s-form-group:not(.tds-s-fg-error) .tds-s-form-input:focus:not([readonly]){\r\n                    border-color: var(--amsonia-accent-color) !important;\r\n                }body .tdi_7.tds-page-block a:not(.tds-s-btn):hover{\r\n                    color: var(--amsonia-primary-color);\r\n                }body .tdi_7 h2.tds-spsh-title{\r\n                    color: var(--custom-color-8);\r\n                }body .tdi_7 .tds-s-form .tds-s-form-group .tds-s-list-item{\r\n                    color: var(--amsonia-gray);\r\n                }body .tdi_7 .tds-s-cal-page-switch{\r\n                    color: var(--amsonia-gray);\r\n                }body .tdi_7 .tds-s-form .tds-s-form-label{\r\n                    color: var(--custom-color-8);\r\n                }body .tdi_7 .tds-s-form .tds-s-form-input:-webkit-autofill,\r\n                body .tdi_7 .tds-s-form .tds-s-form-input:-webkit-autofill:hover,\r\n                body .tdi_7 .tds-s-form .tds-s-form-input:-webkit-autofill:focus,\r\n                body .tdi_7 .tds-s-form .tds-s-form-input:-webkit-autofill:active{\r\n                    -webkit-text-fill-color: var(--amsonia-dark);\r\n                \r\n                    -webkit-box-shadow: 0 0 0 1000px var(--amsonia-off-white) inset !important;\r\n                }body .tdi_7 .tds-s-btn:hover{\r\n                    color: var(--amsonia-off-white);\r\n                \r\n                    background-color: var(--amsonia-primary-color);\r\n                }body .tdi_7 .tds-s-notif-info{\r\n                    color: var(--amsonia-gray);\r\n                }body .tdi_7 .tds-s-notif-success{\r\n                    color: #91d660;\r\n                \r\n                    background-color: rgba(145, 214, 96, 0.1);\r\n                }body .tdi_7 .tds-s-notif-error{\r\n                    color: #a50303;\r\n                \r\n                    background-color: rgba(165, 3, 3, 0.12);\r\n                }body .tdi_7{\r\n                    font-family:Be Vietnam Pro !important;font-size:20px !important;line-height:1.4 !important;\r\n                }\n\n\/* landscape *\/\n@media (min-width: 1019px) and (max-width: 1140px){\nbody .tdi_7 .tds-s-form .tds-s-form-input{\r\n                    border: 0px solid var(--amsonia-dark-blue);\r\n                }\n}\n\n\/* portrait *\/\n@media (min-width: 768px) and (max-width: 1018px){\nbody .tdi_7 .tds-s-form .tds-s-form-input{\r\n                    border: 0px solid var(--amsonia-dark-blue);\r\n                }\n}\n\n\/* phone *\/\n@media (max-width: 767px){\nbody .tdi_7 .tds-s-form .tds-s-form-input{\r\n                    border: 0px solid var(--amsonia-dark-blue);\r\n                }\n}\n<\/style><div class=\"tds-block-inner td-fix-index\">                    <div class=\"tds-s-page-sec tds-s-page-login\">\r\n                        <div class=\"tds-s-page-sec-header\">\r\n                            <h2 class=\"tds-spsh-title\">Oturum A\u00e7<\/h2>\r\n                        <\/div>\r\n\r\n                        <div class=\"tds-s-page-sec-content\">\r\n                            <div id=\"tds-login-div\" class=\"tds-s-form tds-s-form-login\">\r\n                                <div class=\"tds-s-form-content\">\r\n                                    <div class=\"tds-s-fc-inner\">\r\n                                        <div class=\"tds-s-form-group\">\r\n                                            <label class=\"tds-s-form-label\" for=\"tds_register_email\">Kullan\u0131c\u0131 Ad\u0131 yada Eposta Adresi<\/label>\r\n                                            <input class=\"tds-s-form-input\" type=\"text\" id=\"tds_login_email\" value=\"\" required>\r\n                                        <\/div>\r\n\r\n                                        <div class=\"tds-s-form-group\">\r\n                                            <label class=\"tds-s-form-label\" for=\"tds_register_pass\">\r\n                                                Parola                                                <a href=\"https:\/\/arttmodernmiami.com\/tr\/login-register\/?password_recovery\" class=\"tds-ca-forgot-pass-link\">Parolan\u0131z\u0131 m\u0131 unuttunuz?<\/a>\r\n                                            <\/label>\r\n                                            <input class=\"tds-s-form-input\" type=\"password\" id=\"tds_login_pass\" value=\"\" required>\r\n                                        <\/div>\r\n                                    <\/div>\r\n\r\n                                                                            <div class=\"tds-s-notif tds-s-notif-xsm td_display_err\" style=\"display: none\"><\/div>\r\n                                                                    <\/div>\r\n\r\n                                <div class=\"tds-s-form-footer\">\r\n                                    <form id=\"loginForm\" action=\"#\" method=\"post\">\r\n                                        <input type=\"hidden\" id=\"tds-my-account\" name=\"redirect_to\" value=\"https:\/\/arttmodernmiami.com\/tr\/my-account\/\">\r\n                                        <button id=\"tds_login_button\" class=\"tds-s-btn tds-s-submit\">Oturum A\u00e7<\/button>\r\n\r\n                                        <input type=\"hidden\" id=\"gRecaptchaResponseL\" name=\"gRecaptchaResponse\" data-sitekey=\"6LfxUncqAAAAAJ5sEU0UFeJHl0pWOFyGjp3my-G5\" >                                    <\/form>\r\n                                                                    <\/div>\r\n                            <\/div>\r\n                                                            <div class=\"tds-s-cal-page-switch\">Hesab\u0131n yok mu <a class=\"tds-ca-register-link\" href=\"https:\/\/arttmodernmiami.com\/tr\/login-register\/?signup\">Kay\u0131t Ol<\/a><\/div>\r\n                                                    <\/div>\r\n                    <\/div>\r\n                    <\/div><\/div><div class=\"vc_row_inner tdi_9  vc_row vc_inner wpb_row td-pb-row\" >\n<style scoped>\n\/* custom css - generated by TagDiv Composer *\/\n\n\/* custom css - generated by TagDiv Composer *\/\n.tdi_9{\r\n                    position: relative !important;\r\n                    top: 0;\r\n                    transform: none;\r\n                    -webkit-transform: none;\r\n                }.tdi_9,\r\n\t\t\t\t.tdi_9 .tdc-inner-columns{\r\n\t\t\t\t    display: block;\r\n\t\t\t\t}.tdi_9 .tdc-inner-columns{\r\n\t\t\t\t    width: 100%;\r\n\t\t\t\t}\n\/* inline tdc_css att - generated by TagDiv Composer *\/\n\n.tdi_9{\nmargin-top:-10px !important;\nmargin-right:0px !important;\nmargin-left:0px !important;\n}\n\n.tdi_9 .td_block_wrap{ text-align:left }\n\n<\/style><div class=\"vc_column_inner tdi_11  wpb_column vc_column_container tdc-inner-column td-pb-span12\">\n<style scoped>\n\/* custom css - generated by TagDiv Composer *\/\n\n\/* custom css - generated by TagDiv Composer *\/\n.tdi_11{\r\n                    vertical-align: baseline;\r\n                }.tdi_11 .vc_column-inner > .wpb_wrapper,\r\n\t\t\t\t.tdi_11 .vc_column-inner > .wpb_wrapper .tdc-elements{\r\n\t\t\t\t    display: block;\r\n\t\t\t\t}.tdi_11 .vc_column-inner > .wpb_wrapper .tdc-elements{\r\n\t\t\t\t    width: 100%;\r\n\t\t\t\t}\n\/* inline tdc_css att - generated by TagDiv Composer *\/\n\n.tdi_11{\npadding-top:30px !important;\npadding-right:20px !important;\npadding-bottom:20px !important;\npadding-left:20px !important;\nborder-style:solid !important;\nborder-color:#888888 !important;\nborder-width: 0px 0px 0px 0px !important;\n}\n\n<\/style><div class=\"vc_column-inner\"><div class=\"wpb_wrapper\" ><\/div><\/div><\/div><\/div><\/div><\/div><\/div><\/div><\/div><\/div>","protected":false},"excerpt":{"rendered":"","protected":false},"author":1,"featured_media":0,"parent":0,"menu_order":0,"comment_status":"open","ping_status":"closed","template":"","meta":[],"translation":{"provider":"WPGlobus","version":"3.0.0","language":"tr","enabled_languages":["en","tr"],"languages":{"en":{"title":true,"content":true,"excerpt":false},"tr":{"title":false,"content":false,"excerpt":false}}},"_links":{"self":[{"href":"https:\/\/arttmodernmiami.com\/tr\/wp-json\/wp\/v2\/pages\/38"}],"collection":[{"href":"https:\/\/arttmodernmiami.com\/tr\/wp-json\/wp\/v2\/pages"}],"about":[{"href":"https:\/\/arttmodernmiami.com\/tr\/wp-json\/wp\/v2\/types\/page"}],"author":[{"embeddable":true,"href":"https:\/\/arttmodernmiami.com\/tr\/wp-json\/wp\/v2\/users\/1"}],"replies":[{"embeddable":true,"href":"https:\/\/arttmodernmiami.com\/tr\/wp-json\/wp\/v2\/comments?post=38"}],"version-history":[{"count":9,"href":"https:\/\/arttmodernmiami.com\/tr\/wp-json\/wp\/v2\/pages\/38\/revisions"}],"predecessor-version":[{"id":488,"href":"https:\/\/arttmodernmiami.com\/tr\/wp-json\/wp\/v2\/pages\/38\/revisions\/488"}],"wp:attachment":[{"href":"https:\/\/arttmodernmiami.com\/tr\/wp-json\/wp\/v2\/media?parent=38"}],"curies":[{"name":"wp","href":"https:\/\/api.w.org\/{rel}","templated":true}]}}