{"id":1572,"date":"2023-02-23T22:04:43","date_gmt":"2023-02-23T19:04:43","guid":{"rendered":"https:\/\/arttmodernmiami.com\/?page_id=1572"},"modified":"2023-02-23T23:04:38","modified_gmt":"2023-02-23T20:04:38","slug":"nazar-boncugu-naile-bozkurt","status":"publish","type":"page","link":"https:\/\/arttmodernmiami.com\/tr\/nazar-boncugu-naile-bozkurt\/","title":{"rendered":"\u00dc\u00e7l\u00fc Nazar Boncu\u011fu"},"content":{"rendered":"\n<p>SANAT\u00c7I: Naile Bozkurt<br><\/p>\n\n\n\n<p>ESER EBAT: 35 X 70 cm<br><\/p>\n\n\n\n<p>F\u0130YAT: $800<\/p>\n\n\n\n<p>Nazar, g\u00f6z\u00fcn yayd\u0131\u011f\u0131 k\u00f6t\u00fc enerjidir.<br><\/p>\n\n\n<div class=\"wp-block-image\">\n<figure class=\"alignright size-full is-resized\"><img decoding=\"async\" loading=\"lazy\" src=\"https:\/\/arttmodernmiami.com\/wp-content\/uploads\/2023\/02\/Screenshot-2023-02-23-223439.png\" alt=\"\" class=\"wp-image-1582\" width=\"297\" height=\"628\"\/><\/figure><\/div>\n\n\n<p>Antik M\u0131s\u0131r\u2019da g\u00f6k tanr\u0131s\u0131 olan Horus\u2019un G\u00f6z\u00fc, her \u015feyi g\u00f6ren ve koruyan bir g\u00fcc\u00fc sembolize etmektedir. G\u00f6z fig\u00fcrl\u00fc nazar boncu\u011funun ise M.\u00d6. 1300 y\u0131llar\u0131ndan beri kaz\u0131lardan \u00e7\u0131kt\u0131\u011f\u0131 bilinmektedir.<br><\/p>\n\n\n\n<p>Mavi rengini g\u00f6k tanr\u0131s\u0131ndan ald\u0131\u011f\u0131 d\u00fc\u015f\u00fcn\u00fclen nazar boncu\u011fu, T\u00fcrk k\u00fclt\u00fcr\u00fcn\u00fcn en \u00f6nemli sembollerinden biridir. \u015eamanizm d\u00f6neminden kalma bat\u0131l bir inan\u00e7 olmas\u0131na ra\u011fmen, g\u00fcn\u00fcm\u00fcze kadar T\u00fcrk toplumu taraf\u0131ndan sevilerek, yayg\u0131n bi\u00e7imde kullan\u0131lm\u0131\u015ft\u0131r. Mavi renkli olan boncuk, insanlar\u0131n sahip oldu\u011fu canl\u0131 ve cans\u0131z varl\u0131klar\u0131 nazarlardan (k\u00f6t\u00fc bak\u0131\u015flardan gelen k\u00f6t\u00fc enerjilerden) korudu\u011funa inan\u0131l\u0131r. K\u0131skan\u00e7l\u0131k ve \u00e7ekememezlik duygular\u0131n\u0131n yan\u0131 s\u0131ra a\u015f\u0131r\u0131 sevgiden de kaynakland\u0131\u011f\u0131 d\u00fc\u015f\u00fcn\u00fclen nazar\u0131n, g\u00f6zlerden \u00e7\u0131karak insana, hayvana veya e\u015fyaya ula\u015ft\u0131\u011f\u0131na inan\u0131l\u0131r. Bu olumsuz g\u00fc\u00e7ten korunman\u0131n tek \u00e7aresinin ise mavi boncu\u011fu bedeninde veya evinde bulundurmakt\u0131r.Yani g\u00f6ze, g\u00f6zle kar\u015f\u0131 gelmek oldu\u011funa inan\u0131lmaktad\u0131r.<\/p>\n\n\n\n<p>KULLANILAN BOYA: Lahor \u00e7ivit mavisi (indigo blue) Mavi, g\u00f6ky\u00fcz\u00fc ve denizin rengidir. G\u00fcven, sadakat, bilgelik, kendine g\u00fcven, ak\u0131l, inan\u00e7, ger\u00e7eklik ve cennet anlam\u0131na gelir.<br><\/p>\n\n\n\n<p>MALZEME: El yap\u0131m\u0131 ham k\u00e2\u011f\u0131t<br><\/p>\n\n\n\n<p>ESER TEKN\u0130\u011e\u0130: Ebru sanat\u0131 9. Y\u00fczy\u0131ldan beri yap\u0131lan T\u00fcrklerin geleneksel sanat\u0131d\u0131r. 2014 y\u0131l\u0131nda UNESCO ebru sanat\u0131n\u0131 T\u00fcrklerin somut olmayan k\u00fclt\u00fcr miras\u0131 kabul etmi\u015ftir. Bu eser Klasik ebru sanat\u0131n\u0131n (marbling Turkish paper) kumlu ebru tekni\u011fi ile yap\u0131lm\u0131\u015ft\u0131r.<\/p>\n\n\n\n<p>NA\u0130LE BOZKURT<br>Sanat\u00e7\u0131 1960 do\u011fumlu, iki \u00e7ocuk annesi ve emeklidir. 1998 y\u0131l\u0131ndan itibaren ebru sanat\u0131 icra etmekte olan sanat\u00e7\u0131 Kapadokya Naile Art Gallery sahibidir. 53 yurti\u00e7i ve yurtd\u0131\u015f\u0131 sergia\u00e7m\u0131\u015ft\u0131r. T.C. K\u00fclt\u00fcr Bakanl\u0131\u011f\u0131n\u0131n envanterine kay\u0131tl\u0131, somut olmayan k\u00fclt\u00fcr miras ta\u015f\u0131y\u0131c\u0131s\u0131 bir sanatkard\u0131r. Bu geleneksel sanat\u0131n desenlerini \u00e7a\u011fda\u015f ve modern tarzda yenileyerek, farkl\u0131 materyallere uygulamaktad\u0131r. B\u00f6ylece farkl\u0131 zevkleri olan insanlara hitap etmektedir. Ebru sanat\u0131 eskiden kitap ciltlemede kullan\u0131lan k\u00e2\u011f\u0131t sanat\u0131 iken sanat\u00e7\u0131 \u015fimdi seramik, ipek, deri, cam, ah\u015fap gibi bir\u00e7ok materyale uygulayarak sanat\u0131 ba\u015fka boyutlara ta\u015f\u0131m\u0131\u015ft\u0131r. 2 metre ebad\u0131na kadar ebru tekni\u011fi ile boyama yapmaktad\u0131r.<br><\/p>\n\n\n\n<p>Mail: nailesanat@yahoo.com<br><\/p>\n\n\n\n<p>Tel: +90544 477 31 44<br>Facebook: Naile Bozkurt<br>\u0130nstagram: naile_artgallery_official<br>Tripadvisor: Naile art gallery<br>Adres: Tekelli mahallesi 2.Karl\u0131k Sokak No:2 U\u00e7hisar\/Nev\u015fehir<\/p>\n\n\n\n<p><\/p>\n","protected":false},"excerpt":{"rendered":"<p>SANAT\u00c7I: Naile Bozkurt ESER EBAT: 35 X 70 cm F\u0130YAT: $800 Nazar, g\u00f6z\u00fcn yayd\u0131\u011f\u0131 k\u00f6t\u00fc enerjidir. Antik M\u0131s\u0131r\u2019da g\u00f6k tanr\u0131s\u0131 olan Horus\u2019un G\u00f6z\u00fc, her \u015feyi g\u00f6ren ve koruyan bir g\u00fcc\u00fc sembolize etmektedir. G\u00f6z fig\u00fcrl\u00fc nazar boncu\u011funun ise M.\u00d6. 1300 y\u0131llar\u0131ndan beri kaz\u0131lardan \u00e7\u0131kt\u0131\u011f\u0131 bilinmektedir. Mavi rengini g\u00f6k tanr\u0131s\u0131ndan ald\u0131\u011f\u0131 d\u00fc\u015f\u00fcn\u00fclen nazar boncu\u011fu, T\u00fcrk k\u00fclt\u00fcr\u00fcn\u00fcn en [&hellip;]<\/p>\n","protected":false},"author":4,"featured_media":0,"parent":0,"menu_order":0,"comment_status":"closed","ping_status":"closed","template":"","meta":[],"translation":{"provider":"WPGlobus","version":"3.0.0","language":"tr","enabled_languages":["en","tr"],"languages":{"en":{"title":true,"content":true,"excerpt":false},"tr":{"title":true,"content":true,"excerpt":false}}},"_links":{"self":[{"href":"https:\/\/arttmodernmiami.com\/tr\/wp-json\/wp\/v2\/pages\/1572"}],"collection":[{"href":"https:\/\/arttmodernmiami.com\/tr\/wp-json\/wp\/v2\/pages"}],"about":[{"href":"https:\/\/arttmodernmiami.com\/tr\/wp-json\/wp\/v2\/types\/page"}],"author":[{"embeddable":true,"href":"https:\/\/arttmodernmiami.com\/tr\/wp-json\/wp\/v2\/users\/4"}],"replies":[{"embeddable":true,"href":"https:\/\/arttmodernmiami.com\/tr\/wp-json\/wp\/v2\/comments?post=1572"}],"version-history":[{"count":15,"href":"https:\/\/arttmodernmiami.com\/tr\/wp-json\/wp\/v2\/pages\/1572\/revisions"}],"predecessor-version":[{"id":1597,"href":"https:\/\/arttmodernmiami.com\/tr\/wp-json\/wp\/v2\/pages\/1572\/revisions\/1597"}],"wp:attachment":[{"href":"https:\/\/arttmodernmiami.com\/tr\/wp-json\/wp\/v2\/media?parent=1572"}],"curies":[{"name":"wp","href":"https:\/\/api.w.org\/{rel}","templated":true}]}}